{"id":58,"date":"2026-03-29T15:48:08","date_gmt":"2026-03-29T15:48:08","guid":{"rendered":"https:\/\/www.sarouel-de-bain.fr\/?page_id=58"},"modified":"2026-03-29T15:48:08","modified_gmt":"2026-03-29T15:48:08","slug":"informacao-juridica","status":"publish","type":"page","link":"https:\/\/www.sarouel-de-bain.fr\/pt\/mentions-legales\/","title":{"rendered":"Informa\u00e7\u00e3o jur\u00eddica"},"content":{"rendered":"<h1 class=\"wp-block-heading\">Informa\u00e7\u00e3o jur\u00eddica<\/h1>\n\n\n\n<p>Em conformidade com as disposi\u00e7\u00f5es dos artigos 6-III e 19 da Lei n.\u00ba 2004-575, de 21 de junho de 2004, relativa \u00e0 confian\u00e7a na economia digital, conhecida como L.C.E.N., informamos os utilizadores e visitantes do s\u00edtio Web https:\/\/www.sarouel-de-bain.fr\/ das seguintes informa\u00e7\u00f5es:<\/p>\n\n\n\n<p><strong>EDITORA<\/strong><\/p>\n\n\n\n<p>O s\u00edtio Web https:\/\/www.sarouel-de-bain.fr\/ \u00e9 propriedade exclusiva de <strong>EURL&nbsp;<\/strong><strong>ALHOUDAH<\/strong>, que o publica.<\/p>\n\n\n\n<p><strong>ALHOUDAH<\/strong><br><strong>EURL&nbsp;<\/strong>com um capital de <strong>1000&nbsp;<\/strong>\u20acTel:&nbsp;<strong>0984292053<\/strong><\/p>\n\n\n\n<p><strong>1-5 Av Paul Agora&nbsp;<\/strong><strong>91100 CORBEIL-ESSONNES<\/strong><\/p>\n\n\n\n<p>Registada no Registo do Com\u00e9rcio e das Sociedades de&nbsp;<strong>Evry&nbsp;<\/strong>sob o n\u00famero <strong>80194806800029<\/strong><\/p>\n\n\n\n<p>N\u00famero de IVA :&nbsp;<strong>FR67801948068<\/strong><br>Endere\u00e7o eletr\u00f3nico :&nbsp;<strong>contact@sarouel-de-bain.fr<\/strong><br>&nbsp;<br>Contactar o respons\u00e1vel pela publica\u00e7\u00e3o:&nbsp;<strong>contact@sarouel-de-bain.fr<\/strong><\/p>","protected":false},"excerpt":{"rendered":"<p>Mentions l\u00e9gales Conform\u00e9ment aux dispositions des articles 6-III et 19 de la Loi n\u00b0 2004-575 du 21 juin 2004 pour la Confiance dans l&rsquo;\u00e9conomie num\u00e9rique, dite L.C.E.N., nous portons \u00e0 la connaissance des utilisateurs et visiteurs du site : https:\/\/www.sarouel-de-bain.fr\/ les informations suivantes : \u00c9DITEUR Le site https:\/\/www.sarouel-de-bain.fr\/ est la propri\u00e9t\u00e9 exclusive de EURL&nbsp;ALHOUDAH, qui [&#8230;]\n","protected":false},"author":1,"featured_media":0,"parent":0,"menu_order":0,"comment_status":"closed","ping_status":"closed","template":"","meta":{"footnotes":""},"class_list":["post-58","page","type-page","status-publish","hentry"],"_links":{"self":[{"href":"https:\/\/www.sarouel-de-bain.fr\/pt\/wp-json\/wp\/v2\/pages\/58","targetHints":{"allow":["GET"]}}],"collection":[{"href":"https:\/\/www.sarouel-de-bain.fr\/pt\/wp-json\/wp\/v2\/pages"}],"about":[{"href":"https:\/\/www.sarouel-de-bain.fr\/pt\/wp-json\/wp\/v2\/types\/page"}],"author":[{"embeddable":true,"href":"https:\/\/www.sarouel-de-bain.fr\/pt\/wp-json\/wp\/v2\/users\/1"}],"replies":[{"embeddable":true,"href":"https:\/\/www.sarouel-de-bain.fr\/pt\/wp-json\/wp\/v2\/comments?post=58"}],"version-history":[{"count":1,"href":"https:\/\/www.sarouel-de-bain.fr\/pt\/wp-json\/wp\/v2\/pages\/58\/revisions"}],"predecessor-version":[{"id":59,"href":"https:\/\/www.sarouel-de-bain.fr\/pt\/wp-json\/wp\/v2\/pages\/58\/revisions\/59"}],"wp:attachment":[{"href":"https:\/\/www.sarouel-de-bain.fr\/pt\/wp-json\/wp\/v2\/media?parent=58"}],"curies":[{"name":"wp","href":"https:\/\/api.w.org\/{rel}","templated":true}]}}