{"id":39,"date":"2026-03-29T14:29:26","date_gmt":"2026-03-29T14:29:26","guid":{"rendered":"https:\/\/www.sarouel-de-bain.fr\/?page_id=39"},"modified":"2026-03-29T14:29:26","modified_gmt":"2026-03-29T14:29:26","slug":"mapa-do-sitio","status":"publish","type":"page","link":"https:\/\/www.sarouel-de-bain.fr\/pt\/plan-du-site\/","title":{"rendered":"Mapa do s\u00edtio"},"content":{"rendered":"<h1 class=\"wp-block-heading\">Mapa do s\u00edtio<\/h1>\n\n\n\n<div class=\"wsp-container\"><h2 class=\"wsp-pages-title\">Pages<\/h2>\n<ul class=\"wsp-pages-list\">\n<li class=\"page_item page-item-85\"><a href=\"https:\/\/www.sarouel-de-bain.fr\/pt\/a-propos\/\">Sobre a nossa loja de fatos de banho para homem<\/a><\/li>\n<li class=\"page_item page-item-21\"><a href=\"https:\/\/www.sarouel-de-bain.fr\/pt\/boutique\/\">Loja<\/a><\/li>\n<li class=\"page_item page-item-25\"><a href=\"https:\/\/www.sarouel-de-bain.fr\/pt\/cgv\/\">Condi\u00e7\u00f5es gerais de venda dos produtos vendidos em Sarouel de bain<\/a><\/li>\n<li class=\"page_item page-item-61\"><a href=\"https:\/\/www.sarouel-de-bain.fr\/pt\/contact\/\">Contacto<\/a><\/li>\n<li class=\"page_item page-item-58\"><a href=\"https:\/\/www.sarouel-de-bain.fr\/pt\/mentions-legales\/\">Informa\u00e7\u00e3o jur\u00eddica<\/a><\/li>\n<li class=\"page_item page-item-24\"><a href=\"https:\/\/www.sarouel-de-bain.fr\/pt\/mon-compte\/\">A minha conta<\/a><\/li>\n<li class=\"page_item page-item-22\"><a href=\"https:\/\/www.sarouel-de-bain.fr\/pt\/panier\/\">Cesto<\/a><\/li>\n<li class=\"page_item page-item-39\"><a href=\"https:\/\/www.sarouel-de-bain.fr\/pt\/plan-du-site\/\">Mapa do s\u00edtio<\/a><\/li>\n<li class=\"page_item page-item-2\"><a href=\"https:\/\/www.sarouel-de-bain.fr\/pt\/\">Sarouel de bain homme : loja oficial da cache awra de bain<\/a><\/li>\n<li class=\"page_item page-item-23\"><a href=\"https:\/\/www.sarouel-de-bain.fr\/pt\/commander\/\">Valida\u00e7\u00e3o da ordem<\/a><\/li>\n<\/ul>\n<h2 class=\"wsp-products-title\">Produtos<\/h2>\n<ul class=\"wsp-products-list\">\n<li><a href=\"https:\/\/www.sarouel-de-bain.fr\/pt\/produit\/ensemble-nautik-qabail-gris-clair\/\">Ensemble Nautik (Sarouel pantacourt et T-shirt) - Gris clair - Marque Qaba'il<\/a><\/li>\n<li><a href=\"https:\/\/www.sarouel-de-bain.fr\/pt\/produit\/ensemble-nautik-qabail-marron\/\">Conjunto Nautik (saroual curto e T-shirt) - Castanho - Marca Qaba'il<\/a><\/li>\n<li><a href=\"https:\/\/www.sarouel-de-bain.fr\/pt\/produit\/ensemble-nautik-blanc-qabail\/\">Conjunto Nautik (cal\u00e7a Saroual e T-shirt) - Branco - Marca Qaba'il<\/a><\/li>\n<li><a href=\"https:\/\/www.sarouel-de-bain.fr\/pt\/produit\/ensemble-nautik-qabail-vert-clair\/\">Conjunto Nautik (saroual curto e T-shirt) - Verde claro - Marca Qaba'il<\/a><\/li>\n<li><a href=\"https:\/\/www.sarouel-de-bain.fr\/pt\/produit\/ensemble-nautik-gris-anthracite\/\">Conjunto Nautik (saroual curto e T-shirt) - Cinzento-carv\u00e3o - Marca Qaba'il<\/a><\/li>\n<li><a href=\"https:\/\/www.sarouel-de-bain.fr\/pt\/produit\/ensemble-nautik-kaki-clair-qabail\/\">Conjunto Nautik (cal\u00e7a Saroual e T-shirt) - C\u00e1qui claro - Marca Qaba'il<\/a><\/li>\n<li><a href=\"https:\/\/www.sarouel-de-bain.fr\/pt\/produit\/ensemble-nautik-qabail-bleu-marine\/\">Conjunto Nautik (saroual curto e T-shirt) - Azul marinho - Marca Qaba'il<\/a><\/li>\n<li><a href=\"https:\/\/www.sarouel-de-bain.fr\/pt\/produit\/ensemble-nautik-qabail-beige\/\">Conjunto Nautik (cal\u00e7a Saroual e T-shirt) - Bege - Marca Qaba'il<\/a><\/li>\n<li><a href=\"https:\/\/www.sarouel-de-bain.fr\/pt\/produit\/ensemble-nautik-qabail-bleu-clair\/\">Conjunto Nautik (saroual curto e T-shirt) - Azul claro - Marca Qaba'il<\/a><\/li>\n<li><a href=\"https:\/\/www.sarouel-de-bain.fr\/pt\/produit\/ensemble-nautik-gris-fonce-qabail\/\">Conjunto Nautik (saroual curto e T-shirt) - Cinzento escuro - Marca Qaba'il<\/a><\/li>\n<li><a href=\"https:\/\/www.sarouel-de-bain.fr\/pt\/produit\/ensemble-nautik-qabail-noir\/\">Conjunto Nautik (pantacourt Saroual e T-shirt) - Preto - Marca Qaba'il<\/a><\/li>\n<li><a href=\"https:\/\/www.sarouel-de-bain.fr\/pt\/produit\/swimshort-sarouel-de-bain-gris\/\">Cal\u00e7\u00f5es de banho Aladdin - Cinzento claro - Marca Qabail<\/a><\/li>\n<li><a href=\"https:\/\/www.sarouel-de-bain.fr\/pt\/produit\/swimshort-sarouel-bain-anthracite\/\">Cal\u00e7\u00f5es de banho Aladdin - Antracite - Marca Qabail<\/a><\/li>\n<li><a href=\"https:\/\/www.sarouel-de-bain.fr\/pt\/produit\/sarouel-de-bain-gris-clair-qabail\/\">Saroual de banho - Cinzento claro - Marca Qabail<\/a><\/li>\n<li><a href=\"https:\/\/www.sarouel-de-bain.fr\/pt\/produit\/sarouel-de-bain-anthracite-qabail\/\">Saroual de banho - Cor antracite - Marca Qabail<\/a><\/li>\n<li><a href=\"https:\/\/www.sarouel-de-bain.fr\/pt\/produit\/sarouel-de-bain-long-noir-wassat\/\">Saroual de banho comprido - Cor preta - Marca Wassat<\/a><\/li>\n<li><a href=\"https:\/\/www.sarouel-de-bain.fr\/pt\/produit\/sarouel-de-bain-noir-qabail\/\">Saroual de banho - Cor preta - Marca Qabail<\/a><\/li>\n<li><a href=\"https:\/\/www.sarouel-de-bain.fr\/pt\/produit\/sarouel-short-de-bain-noir-wassat\/\">Cal\u00e7\u00f5es Saroual - Cor preta - Marca Wassat<\/a><\/li>\n<li><a href=\"https:\/\/www.sarouel-de-bain.fr\/pt\/produit\/swimshort-sarouel-de-bain-noir\/\">Cal\u00e7\u00f5es de banho Aladdin - Cor azul preto - Marca Qabail<\/a><\/li>\n<li><a href=\"https:\/\/www.sarouel-de-bain.fr\/pt\/produit\/sarouel-short-de-bain-noir-zein\/\">Cal\u00e7\u00f5es Saroual - Cor preta - Marca Zein<\/a><\/li>\n<li><a href=\"https:\/\/www.sarouel-de-bain.fr\/pt\/produit\/sarouel-short-de-bain-taupe-zein\/\">Cal\u00e7\u00f5es Saroual - Taupe - Marca Zein<\/a><\/li>\n<li><a href=\"https:\/\/www.sarouel-de-bain.fr\/pt\/produit\/short-de-bain-bleu-marine-zein\/\">Cal\u00e7\u00f5es Saroual - Azul marinho - Marca Zein<\/a><\/li>\n<li><a href=\"https:\/\/www.sarouel-de-bain.fr\/pt\/produit\/swimshort-sarouel-de-bain-bleu-nuit\/\">Cal\u00e7\u00f5es de banho Aladdin - Azul escuro - Marca Qabail<\/a><\/li>\n<li><a href=\"https:\/\/www.sarouel-de-bain.fr\/pt\/produit\/sarouel-short-de-bain-bleu-wassat\/\">Cal\u00e7\u00f5es Saroual - Cor azul - Marca Wassat<\/a><\/li>\n<li><a href=\"https:\/\/www.sarouel-de-bain.fr\/pt\/produit\/sarouel-de-bain-bleu-qabail\/\">Saroual de banho - Azul meia-noite - Marca Qabail<\/a><\/li>\n<li><a href=\"https:\/\/www.sarouel-de-bain.fr\/pt\/produit\/sarouel-short-de-bain-vert-wassat\/\">Cal\u00e7\u00f5es Saroual - Cor verde - Marca Wassat<\/a><\/li>\n<li><a href=\"https:\/\/www.sarouel-de-bain.fr\/pt\/produit\/sarouel-de-bain-adulte-kaki-qabail\/\">Cal\u00e7\u00e3o de banho - Cor caqui - Marca Qabail<\/a><\/li>\n<li><a href=\"https:\/\/www.sarouel-de-bain.fr\/pt\/produit\/sarouel-swimshort-de-bain-kaki\/\">Cal\u00e7\u00f5es de banho Aladdin - C\u00e1qui - Marca Qabail<\/a><\/li>\n<li><a href=\"https:\/\/www.sarouel-de-bain.fr\/pt\/produit\/sarouel-de-bain-enfant-aswaf-noir\/\">Saroual de nata\u00e7\u00e3o para crian\u00e7a - Preto - Marca Aswaf<\/a><\/li>\n<\/ul>\n<h2 class=\"wsp-product_cats-title\">Categorias de produtos<\/h2>\n<ul class=\"wsp-product_cats-list\">\n<li><a href=\"https:\/\/www.sarouel-de-bain.fr\/pt\/categorie-produit\/sarouel-de-bain-qabail\/\">Sarouel de bain Qaba'il<\/a><\/li>\n<li><a href=\"https:\/\/www.sarouel-de-bain.fr\/pt\/categorie-produit\/ensemble-nautik-qabail\/\">Conjunto Nautik Qaba'il<\/a><\/li>\n<li><a href=\"https:\/\/www.sarouel-de-bain.fr\/pt\/categorie-produit\/sarouel-de-bain-bleu\/\">Saroual de nata\u00e7\u00e3o azul<\/a><\/li>\n<li><a href=\"https:\/\/www.sarouel-de-bain.fr\/pt\/categorie-produit\/sarouel-de-bain-enfant\/\">Sal\u00e3o de nata\u00e7\u00e3o para crian\u00e7as<\/a><\/li>\n<li><a href=\"https:\/\/www.sarouel-de-bain.fr\/pt\/categorie-produit\/sarouel-de-bain-gris\/\">Saroual de banho cinzento<\/a><\/li>\n<li><a href=\"https:\/\/www.sarouel-de-bain.fr\/pt\/categorie-produit\/sarouel-de-bain-noir\/\">Saroual de nata\u00e7\u00e3o preto<\/a><\/li>\n<li><a href=\"https:\/\/www.sarouel-de-bain.fr\/pt\/categorie-produit\/sarouel-de-bain-vert\/\">Saroual de nata\u00e7\u00e3o verde<\/a><\/li>\n<li><a href=\"https:\/\/www.sarouel-de-bain.fr\/pt\/categorie-produit\/sarouel-de-bain-wassat\/\">Wassat saroual de banho<\/a><\/li>\n<li><a href=\"https:\/\/www.sarouel-de-bain.fr\/pt\/categorie-produit\/sarouel-de-bain-zein\/\">Zein a tomar banho no saroual<\/a><\/li>\n<\/ul>\n<\/div>","protected":false},"excerpt":{"rendered":"<p>Mapa do s\u00edtio<\/p>","protected":false},"author":1,"featured_media":0,"parent":0,"menu_order":0,"comment_status":"closed","ping_status":"closed","template":"","meta":{"footnotes":""},"class_list":["post-39","page","type-page","status-publish","hentry"],"_links":{"self":[{"href":"https:\/\/www.sarouel-de-bain.fr\/pt\/wp-json\/wp\/v2\/pages\/39","targetHints":{"allow":["GET"]}}],"collection":[{"href":"https:\/\/www.sarouel-de-bain.fr\/pt\/wp-json\/wp\/v2\/pages"}],"about":[{"href":"https:\/\/www.sarouel-de-bain.fr\/pt\/wp-json\/wp\/v2\/types\/page"}],"author":[{"embeddable":true,"href":"https:\/\/www.sarouel-de-bain.fr\/pt\/wp-json\/wp\/v2\/users\/1"}],"replies":[{"embeddable":true,"href":"https:\/\/www.sarouel-de-bain.fr\/pt\/wp-json\/wp\/v2\/comments?post=39"}],"version-history":[{"count":1,"href":"https:\/\/www.sarouel-de-bain.fr\/pt\/wp-json\/wp\/v2\/pages\/39\/revisions"}],"predecessor-version":[{"id":41,"href":"https:\/\/www.sarouel-de-bain.fr\/pt\/wp-json\/wp\/v2\/pages\/39\/revisions\/41"}],"wp:attachment":[{"href":"https:\/\/www.sarouel-de-bain.fr\/pt\/wp-json\/wp\/v2\/media?parent=39"}],"curies":[{"name":"wp","href":"https:\/\/api.w.org\/{rel}","templated":true}]}}