{"id":58,"date":"2026-03-29T15:48:08","date_gmt":"2026-03-29T15:48:08","guid":{"rendered":"https:\/\/www.sarouel-de-bain.fr\/?page_id=58"},"modified":"2026-03-29T15:48:08","modified_gmt":"2026-03-29T15:48:08","slug":"juridische-informatie","status":"publish","type":"page","link":"https:\/\/www.sarouel-de-bain.fr\/nl\/mentions-legales\/","title":{"rendered":"Juridische informatie"},"content":{"rendered":"<h1 class=\"wp-block-heading\">Juridische informatie<\/h1>\n\n\n\n<p>In overeenstemming met de bepalingen van de artikelen 6-III en 19 van Wet nr. 2004-575 van 21 juni 2004 betreffende het vertrouwen in de digitale economie, bekend als de L.C.E.N., informeren wij hierbij de gebruikers en bezoekers van de website https:\/\/www.sarouel-de-bain.fr\/ over de volgende informatie:<\/p>\n\n\n\n<p><strong>UITGEVER<\/strong><\/p>\n\n\n\n<p>De website https:\/\/www.sarouel-de-bain.fr\/ is het exclusieve eigendom van <strong>EURL&nbsp;<\/strong><strong>ALHOUDAH<\/strong>, die het uitgeeft.<\/p>\n\n\n\n<p><strong>ALHOUDAH<\/strong><br><strong>EURL&nbsp;<\/strong>met een kapitaal van <strong>1000&nbsp;<\/strong>Tel:&nbsp;<strong>0984292053<\/strong><\/p>\n\n\n\n<p><strong>1-5 Av Paul Nu&nbsp;<\/strong><strong>91100 CORBEIL-ESSONNES<\/strong><\/p>\n\n\n\n<p>Ingeschreven bij het Registre du Commerce et des Soci\u00e9t\u00e9s de&nbsp;<strong>Evry&nbsp;<\/strong>onder het nummer <strong>80194806800029<\/strong><\/p>\n\n\n\n<p>BTW-nummer :&nbsp;<strong>FR67801948068<\/strong><br>E-mailadres :&nbsp;<strong>contact@sarouel-de-bain.fr<\/strong><br>&nbsp;<br>Neem contact op met de publicatiemanager:&nbsp;<strong>contact@sarouel-de-bain.fr<\/strong><\/p>","protected":false},"excerpt":{"rendered":"<p>Mentions l\u00e9gales Conform\u00e9ment aux dispositions des articles 6-III et 19 de la Loi n\u00b0 2004-575 du 21 juin 2004 pour la Confiance dans l&rsquo;\u00e9conomie num\u00e9rique, dite L.C.E.N., nous portons \u00e0 la connaissance des utilisateurs et visiteurs du site : https:\/\/www.sarouel-de-bain.fr\/ les informations suivantes : \u00c9DITEUR Le site https:\/\/www.sarouel-de-bain.fr\/ est la propri\u00e9t\u00e9 exclusive de EURL&nbsp;ALHOUDAH, qui [&#8230;]\n","protected":false},"author":1,"featured_media":0,"parent":0,"menu_order":0,"comment_status":"closed","ping_status":"closed","template":"","meta":{"footnotes":""},"class_list":["post-58","page","type-page","status-publish","hentry"],"_links":{"self":[{"href":"https:\/\/www.sarouel-de-bain.fr\/nl\/wp-json\/wp\/v2\/pages\/58","targetHints":{"allow":["GET"]}}],"collection":[{"href":"https:\/\/www.sarouel-de-bain.fr\/nl\/wp-json\/wp\/v2\/pages"}],"about":[{"href":"https:\/\/www.sarouel-de-bain.fr\/nl\/wp-json\/wp\/v2\/types\/page"}],"author":[{"embeddable":true,"href":"https:\/\/www.sarouel-de-bain.fr\/nl\/wp-json\/wp\/v2\/users\/1"}],"replies":[{"embeddable":true,"href":"https:\/\/www.sarouel-de-bain.fr\/nl\/wp-json\/wp\/v2\/comments?post=58"}],"version-history":[{"count":1,"href":"https:\/\/www.sarouel-de-bain.fr\/nl\/wp-json\/wp\/v2\/pages\/58\/revisions"}],"predecessor-version":[{"id":59,"href":"https:\/\/www.sarouel-de-bain.fr\/nl\/wp-json\/wp\/v2\/pages\/58\/revisions\/59"}],"wp:attachment":[{"href":"https:\/\/www.sarouel-de-bain.fr\/nl\/wp-json\/wp\/v2\/media?parent=58"}],"curies":[{"name":"wp","href":"https:\/\/api.w.org\/{rel}","templated":true}]}}