{"id":58,"date":"2026-03-29T15:48:08","date_gmt":"2026-03-29T15:48:08","guid":{"rendered":"https:\/\/www.sarouel-de-bain.fr\/?page_id=58"},"modified":"2026-03-29T15:48:08","modified_gmt":"2026-03-29T15:48:08","slug":"informazioni-legali","status":"publish","type":"page","link":"https:\/\/www.sarouel-de-bain.fr\/it\/mentions-legales\/","title":{"rendered":"Informazioni legali"},"content":{"rendered":"<h1 class=\"wp-block-heading\">Informazioni legali<\/h1>\n\n\n\n<p>In conformit\u00e0 alle disposizioni degli articoli 6-III e 19 della legge n. 2004-575 del 21 giugno 2004 sulla fiducia nell'economia digitale, nota come L.C.E.N., informiamo gli utenti e i visitatori del sito https:\/\/www.sarouel-de-bain.fr\/ delle seguenti informazioni:<\/p>\n\n\n\n<p><strong>EDITORE<\/strong><\/p>\n\n\n\n<p>Il sito https:\/\/www.sarouel-de-bain.fr\/ \u00e8 di propriet\u00e0 esclusiva di <strong>EURL&nbsp;<\/strong><strong>ALHOUDAH<\/strong>, che lo pubblica.<\/p>\n\n\n\n<p><strong>ALHOUDAH<\/strong><br><strong>EURL&nbsp;<\/strong>con capitale di <strong>1000&nbsp;<\/strong>\u20acTel:&nbsp;<strong>0984292053<\/strong><\/p>\n\n\n\n<p><strong>1-5 Av Paul Ora&nbsp;<\/strong><strong>91100 CORBEIL-ESSONNES<\/strong><\/p>\n\n\n\n<p>Iscritta al Registre du Commerce et des Soci\u00e9t\u00e9s de&nbsp;<strong>Evry&nbsp;<\/strong>sotto il numero <strong>80194806800029<\/strong><\/p>\n\n\n\n<p>Partita IVA :&nbsp;<strong>FR67801948068<\/strong><br>Indirizzo e-mail :&nbsp;<strong>contact@sarouel-de-bain.fr<\/strong><br>&nbsp;<br>Contattare il responsabile della pubblicazione:&nbsp;<strong>contact@sarouel-de-bain.fr<\/strong><\/p>","protected":false},"excerpt":{"rendered":"<p>Mentions l\u00e9gales Conform\u00e9ment aux dispositions des articles 6-III et 19 de la Loi n\u00b0 2004-575 du 21 juin 2004 pour la Confiance dans l&rsquo;\u00e9conomie num\u00e9rique, dite L.C.E.N., nous portons \u00e0 la connaissance des utilisateurs et visiteurs du site : https:\/\/www.sarouel-de-bain.fr\/ les informations suivantes : \u00c9DITEUR Le site https:\/\/www.sarouel-de-bain.fr\/ est la propri\u00e9t\u00e9 exclusive de EURL&nbsp;ALHOUDAH, qui [&#8230;]\n","protected":false},"author":1,"featured_media":0,"parent":0,"menu_order":0,"comment_status":"closed","ping_status":"closed","template":"","meta":{"footnotes":""},"class_list":["post-58","page","type-page","status-publish","hentry"],"_links":{"self":[{"href":"https:\/\/www.sarouel-de-bain.fr\/it\/wp-json\/wp\/v2\/pages\/58","targetHints":{"allow":["GET"]}}],"collection":[{"href":"https:\/\/www.sarouel-de-bain.fr\/it\/wp-json\/wp\/v2\/pages"}],"about":[{"href":"https:\/\/www.sarouel-de-bain.fr\/it\/wp-json\/wp\/v2\/types\/page"}],"author":[{"embeddable":true,"href":"https:\/\/www.sarouel-de-bain.fr\/it\/wp-json\/wp\/v2\/users\/1"}],"replies":[{"embeddable":true,"href":"https:\/\/www.sarouel-de-bain.fr\/it\/wp-json\/wp\/v2\/comments?post=58"}],"version-history":[{"count":1,"href":"https:\/\/www.sarouel-de-bain.fr\/it\/wp-json\/wp\/v2\/pages\/58\/revisions"}],"predecessor-version":[{"id":59,"href":"https:\/\/www.sarouel-de-bain.fr\/it\/wp-json\/wp\/v2\/pages\/58\/revisions\/59"}],"wp:attachment":[{"href":"https:\/\/www.sarouel-de-bain.fr\/it\/wp-json\/wp\/v2\/media?parent=58"}],"curies":[{"name":"wp","href":"https:\/\/api.w.org\/{rel}","templated":true}]}}