{"id":456,"date":"2026-05-05T13:56:50","date_gmt":"2026-05-05T13:56:50","guid":{"rendered":"https:\/\/www.sarouel-de-bain.fr\/?post_type=product&#038;p=456"},"modified":"2026-05-10T15:17:54","modified_gmt":"2026-05-10T15:17:54","slug":"sarouel-jean-stretch-drop-noir","status":"publish","type":"product","link":"https:\/\/www.sarouel-de-bain.fr\/es\/produit\/sarouel-jean-stretch-drop-noir\/","title":{"rendered":"Saroual de denim stretch - Negro - Marca Qaba'il"},"content":{"rendered":"","protected":false},"excerpt":{"rendered":"<p>Haz una declaraci\u00f3n de estilo con estos sarouel de denim el\u00e1stico de&nbsp;<strong>Qaba'il<\/strong>, dise\u00f1ado para combinar el confort moderno con la elegancia minimalista.<\/p>\n<p><strong>Material :<\/strong> Algod\u00f3n el\u00e1stico (98% algod\u00f3n - 2% elast\u00e1n).<\/p>\n<p>Este modelo en <strong>noir<\/strong>corte recto y sonido <strong>ca\u00eddo<\/strong>, La abertura en el tobillo a\u00f1ade un toque contempor\u00e1neo, ideal para un look urbano controlado. La abertura en el tobillo a\u00f1ade un toque contempor\u00e1neo, ideal para un look urbano controlado.<\/p>\n<p>Dise\u00f1ado para el uso diario, tiene un <strong>cintura el\u00e1stica con cord\u00f3n de ajuste<\/strong> para un ajuste perfecto. Visite <strong>bolsillos discretos<\/strong> y <strong>acabados meticulosos<\/strong> tienen que ver con la practicidad, mientras que los <strong>parche Qaba'il en la parte trasera<\/strong> es una sutil se\u00f1a de identidad de la obra.<\/p>\n<p>Un b\u00e1sico vers\u00e1til y f\u00e1cil de combinar que cumple todos los requisitos: comodidad, estilo y eficacia.<\/p>","protected":false},"featured_media":421,"template":"","meta":[],"product_brand":[],"product_cat":[39],"product_tag":[],"class_list":{"0":"post-456","1":"product","2":"type-product","3":"status-publish","4":"has-post-thumbnail","6":"product_cat-sarouel-jean-musulman","8":"first","9":"instock","10":"shipping-taxable","11":"purchasable","12":"product-type-variable"},"_links":{"self":[{"href":"https:\/\/www.sarouel-de-bain.fr\/es\/wp-json\/wp\/v2\/product\/456","targetHints":{"allow":["GET"]}}],"collection":[{"href":"https:\/\/www.sarouel-de-bain.fr\/es\/wp-json\/wp\/v2\/product"}],"about":[{"href":"https:\/\/www.sarouel-de-bain.fr\/es\/wp-json\/wp\/v2\/types\/product"}],"wp:featuredmedia":[{"embeddable":true,"href":"https:\/\/www.sarouel-de-bain.fr\/es\/wp-json\/wp\/v2\/media\/421"}],"wp:attachment":[{"href":"https:\/\/www.sarouel-de-bain.fr\/es\/wp-json\/wp\/v2\/media?parent=456"}],"wp:term":[{"taxonomy":"product_brand","embeddable":true,"href":"https:\/\/www.sarouel-de-bain.fr\/es\/wp-json\/wp\/v2\/product_brand?post=456"},{"taxonomy":"product_cat","embeddable":true,"href":"https:\/\/www.sarouel-de-bain.fr\/es\/wp-json\/wp\/v2\/product_cat?post=456"},{"taxonomy":"product_tag","embeddable":true,"href":"https:\/\/www.sarouel-de-bain.fr\/es\/wp-json\/wp\/v2\/product_tag?post=456"}],"curies":[{"name":"wp","href":"https:\/\/api.w.org\/{rel}","templated":true}]}}