{"id":58,"date":"2026-03-29T15:48:08","date_gmt":"2026-03-29T15:48:08","guid":{"rendered":"https:\/\/www.sarouel-de-bain.fr\/?page_id=58"},"modified":"2026-03-29T15:48:08","modified_gmt":"2026-03-29T15:48:08","slug":"informacion-legal","status":"publish","type":"page","link":"https:\/\/www.sarouel-de-bain.fr\/es\/mentions-legales\/","title":{"rendered":"Informaci\u00f3n jur\u00eddica"},"content":{"rendered":"<h1 class=\"wp-block-heading\">Informaci\u00f3n jur\u00eddica<\/h1>\n\n\n\n<p>De conformidad con lo dispuesto en los art\u00edculos 6-III y 19 de la Ley n\u00ba 2004-575 de 21 de junio de 2004 sobre la confianza en la econom\u00eda digital, conocida como L.C.E.N., informamos a los usuarios y visitantes del sitio web https:\/\/www.sarouel-de-bain.fr\/ de la siguiente informaci\u00f3n:<\/p>\n\n\n\n<p><strong>EDITOR<\/strong><\/p>\n\n\n\n<p>El sitio web https:\/\/www.sarouel-de-bain.fr\/ es propiedad exclusiva de <strong>EURL&nbsp;<\/strong><strong>ALHOUDAH<\/strong>, que lo publica.<\/p>\n\n\n\n<p><strong>ALHOUDAH<\/strong><br><strong>EURL&nbsp;<\/strong>con un capital de <strong>1000&nbsp;<\/strong>Tel:&nbsp;<strong>0984292053<\/strong><\/p>\n\n\n\n<p><strong>1-5 Av Paul Ahora&nbsp;<\/strong><strong>91100 CORBEIL-ESSONNES<\/strong><\/p>\n\n\n\n<p>Inscrita en el Registro de Comercio y Sociedades de&nbsp;<strong>Evry&nbsp;<\/strong>bajo el n\u00famero <strong>80194806800029<\/strong><\/p>\n\n\n\n<p>N\u00famero de IVA :&nbsp;<strong>FR67801948068<\/strong><br>Direcci\u00f3n de correo electr\u00f3nico :&nbsp;<strong>contact@sarouel-de-bain.fr<\/strong><br>&nbsp;<br>P\u00f3ngase en contacto con el responsable de la publicaci\u00f3n:&nbsp;<strong>contact@sarouel-de-bain.fr<\/strong><\/p>","protected":false},"excerpt":{"rendered":"<p>Mentions l\u00e9gales Conform\u00e9ment aux dispositions des articles 6-III et 19 de la Loi n\u00b0 2004-575 du 21 juin 2004 pour la Confiance dans l&rsquo;\u00e9conomie num\u00e9rique, dite L.C.E.N., nous portons \u00e0 la connaissance des utilisateurs et visiteurs du site : https:\/\/www.sarouel-de-bain.fr\/ les informations suivantes : \u00c9DITEUR Le site https:\/\/www.sarouel-de-bain.fr\/ est la propri\u00e9t\u00e9 exclusive de EURL&nbsp;ALHOUDAH, qui [&#8230;]\n","protected":false},"author":1,"featured_media":0,"parent":0,"menu_order":0,"comment_status":"closed","ping_status":"closed","template":"","meta":{"footnotes":""},"class_list":["post-58","page","type-page","status-publish","hentry"],"_links":{"self":[{"href":"https:\/\/www.sarouel-de-bain.fr\/es\/wp-json\/wp\/v2\/pages\/58","targetHints":{"allow":["GET"]}}],"collection":[{"href":"https:\/\/www.sarouel-de-bain.fr\/es\/wp-json\/wp\/v2\/pages"}],"about":[{"href":"https:\/\/www.sarouel-de-bain.fr\/es\/wp-json\/wp\/v2\/types\/page"}],"author":[{"embeddable":true,"href":"https:\/\/www.sarouel-de-bain.fr\/es\/wp-json\/wp\/v2\/users\/1"}],"replies":[{"embeddable":true,"href":"https:\/\/www.sarouel-de-bain.fr\/es\/wp-json\/wp\/v2\/comments?post=58"}],"version-history":[{"count":1,"href":"https:\/\/www.sarouel-de-bain.fr\/es\/wp-json\/wp\/v2\/pages\/58\/revisions"}],"predecessor-version":[{"id":59,"href":"https:\/\/www.sarouel-de-bain.fr\/es\/wp-json\/wp\/v2\/pages\/58\/revisions\/59"}],"wp:attachment":[{"href":"https:\/\/www.sarouel-de-bain.fr\/es\/wp-json\/wp\/v2\/media?parent=58"}],"curies":[{"name":"wp","href":"https:\/\/api.w.org\/{rel}","templated":true}]}}