{"id":247,"date":"2026-04-28T11:54:30","date_gmt":"2026-04-28T11:54:30","guid":{"rendered":"https:\/\/www.sarouel-de-bain.fr\/?post_type=product&#038;p=247"},"modified":"2026-04-30T08:41:29","modified_gmt":"2026-04-30T08:41:29","slug":"swimshort-sarouel-bain-anthracite","status":"publish","type":"product","link":"https:\/\/www.sarouel-de-bain.fr\/de\/produit\/swimshort-sarouel-bain-anthracite\/","title":{"rendered":"Swimshort Pluderhose - Farbe Anthrazit - Marke Qabail"},"content":{"rendered":"","protected":false},"excerpt":{"rendered":"<p>Die <strong>sarouel swimshort de bain anthracite Qabail<\/strong> ist darauf ausgelegt, Folgendes zu vereinen <strong>Komfort, Bequemlichkeit und Scham<\/strong> w\u00e4hrend Ihrer Ausfl\u00fcge an den Strand, ins Schwimmbad oder bei Wassersportaktivit\u00e4ten.<\/p>\n<p>Seine <strong>integrierte Lycra-Verst\u00e4rkung<\/strong> begleitet Ihre Bewegungen auf nat\u00fcrliche Weise und bietet einen bequemen Halt f\u00fcr den Alltag. Der flie\u00dfende Schnitt sorgt daf\u00fcr, dass Sie sich sowohl im als auch au\u00dferhalb des Wassers wohlf\u00fchlen.<\/p>\n<p>Dieses Modell zeichnet sich durch seine <strong>coloris anthracite<\/strong>, leicht zu tragen, mit einer <strong>schwarzes Kontrastfinish<\/strong> die seinen n\u00fcchternen und modernen Stil unterstreicht. Seine <strong>lockerer Schritt<\/strong> f\u00f6rdert eine ausgezeichnete Bewegungsfreiheit.<\/p>","protected":false},"featured_media":253,"template":"","meta":[],"product_brand":[],"product_cat":[15,36],"product_tag":[],"class_list":{"0":"post-247","1":"product","2":"type-product","3":"status-publish","4":"has-post-thumbnail","6":"product_cat-sarouel-de-bain-qabail","7":"product_cat-sarouel-de-bain-gris","9":"first","10":"instock","11":"shipping-taxable","12":"purchasable","13":"product-type-variable"},"_links":{"self":[{"href":"https:\/\/www.sarouel-de-bain.fr\/de\/wp-json\/wp\/v2\/product\/247","targetHints":{"allow":["GET"]}}],"collection":[{"href":"https:\/\/www.sarouel-de-bain.fr\/de\/wp-json\/wp\/v2\/product"}],"about":[{"href":"https:\/\/www.sarouel-de-bain.fr\/de\/wp-json\/wp\/v2\/types\/product"}],"wp:featuredmedia":[{"embeddable":true,"href":"https:\/\/www.sarouel-de-bain.fr\/de\/wp-json\/wp\/v2\/media\/253"}],"wp:attachment":[{"href":"https:\/\/www.sarouel-de-bain.fr\/de\/wp-json\/wp\/v2\/media?parent=247"}],"wp:term":[{"taxonomy":"product_brand","embeddable":true,"href":"https:\/\/www.sarouel-de-bain.fr\/de\/wp-json\/wp\/v2\/product_brand?post=247"},{"taxonomy":"product_cat","embeddable":true,"href":"https:\/\/www.sarouel-de-bain.fr\/de\/wp-json\/wp\/v2\/product_cat?post=247"},{"taxonomy":"product_tag","embeddable":true,"href":"https:\/\/www.sarouel-de-bain.fr\/de\/wp-json\/wp\/v2\/product_tag?post=247"}],"curies":[{"name":"wp","href":"https:\/\/api.w.org\/{rel}","templated":true}]}}