{"id":144,"date":"2026-04-21T20:24:06","date_gmt":"2026-04-21T20:24:06","guid":{"rendered":"https:\/\/www.sarouel-de-bain.fr\/?post_type=product&#038;p=144"},"modified":"2026-04-24T16:58:04","modified_gmt":"2026-04-24T16:58:04","slug":"harel-swimshort-khaki","status":"publish","type":"product","link":"https:\/\/www.sarouel-de-bain.fr\/de\/produit\/sarouel-swimshort-de-bain-kaki\/","title":{"rendered":"Swimshort Aladinhose - Farbe khaki - Marke Qabail"},"content":{"rendered":"","protected":false},"excerpt":{"rendered":"<p>Die <strong>Aladdin Swimshort khaki Qabail<\/strong> ist darauf ausgelegt, Folgendes zu vereinen <strong>Komfort, Bequemlichkeit und Scham<\/strong> w\u00e4hrend Ihrer Ausfl\u00fcge an den Strand, ins Schwimmbad oder bei Wassersportaktivit\u00e4ten.<\/p>\n<p>Seine <strong>integrierte Lycra-Verst\u00e4rkung<\/strong> begleitet Ihre Bewegungen auf nat\u00fcrliche Weise und bietet einen bequemen Halt f\u00fcr den Alltag. Der flie\u00dfende Schnitt sorgt daf\u00fcr, dass Sie sich sowohl im als auch au\u00dferhalb des Wassers wohlf\u00fchlen.<\/p>\n<p>Dieses Modell zeichnet sich durch seine <strong>Farbe khaki<\/strong>, leicht zu tragen, mit einer <strong>schwarzes Kontrastfinish<\/strong> die seinen n\u00fcchternen und modernen Stil unterstreicht. Seine <strong>lockerer Schritt<\/strong> f\u00f6rdert eine ausgezeichnete Bewegungsfreiheit.<\/p>","protected":false},"featured_media":128,"template":"","meta":[],"product_brand":[],"product_cat":[27,15],"product_tag":[],"class_list":{"0":"post-144","1":"product","2":"type-product","3":"status-publish","4":"has-post-thumbnail","6":"product_cat-sarouel-de-bain-vert","7":"product_cat-sarouel-de-bain-qabail","9":"first","10":"outofstock","11":"shipping-taxable","12":"purchasable","13":"product-type-variable"},"_links":{"self":[{"href":"https:\/\/www.sarouel-de-bain.fr\/de\/wp-json\/wp\/v2\/product\/144","targetHints":{"allow":["GET"]}}],"collection":[{"href":"https:\/\/www.sarouel-de-bain.fr\/de\/wp-json\/wp\/v2\/product"}],"about":[{"href":"https:\/\/www.sarouel-de-bain.fr\/de\/wp-json\/wp\/v2\/types\/product"}],"wp:featuredmedia":[{"embeddable":true,"href":"https:\/\/www.sarouel-de-bain.fr\/de\/wp-json\/wp\/v2\/media\/128"}],"wp:attachment":[{"href":"https:\/\/www.sarouel-de-bain.fr\/de\/wp-json\/wp\/v2\/media?parent=144"}],"wp:term":[{"taxonomy":"product_brand","embeddable":true,"href":"https:\/\/www.sarouel-de-bain.fr\/de\/wp-json\/wp\/v2\/product_brand?post=144"},{"taxonomy":"product_cat","embeddable":true,"href":"https:\/\/www.sarouel-de-bain.fr\/de\/wp-json\/wp\/v2\/product_cat?post=144"},{"taxonomy":"product_tag","embeddable":true,"href":"https:\/\/www.sarouel-de-bain.fr\/de\/wp-json\/wp\/v2\/product_tag?post=144"}],"curies":[{"name":"wp","href":"https:\/\/api.w.org\/{rel}","templated":true}]}}