{"id":131,"date":"2026-04-21T20:30:25","date_gmt":"2026-04-21T20:30:25","guid":{"rendered":"https:\/\/www.sarouel-de-bain.fr\/?post_type=product&#038;p=131"},"modified":"2026-04-24T09:50:23","modified_gmt":"2026-04-24T09:50:23","slug":"pluderhose-badeshorts-grun-wassat","status":"publish","type":"product","link":"https:\/\/www.sarouel-de-bain.fr\/de\/produit\/sarouel-short-de-bain-vert-wassat\/","title":{"rendered":"Haremshose - Farbe gr\u00fcn - Marke Wassat"},"content":{"rendered":"","protected":false},"excerpt":{"rendered":"<p>Diese gr\u00fcne Badeshorts der neuen Generation wurde entworfen, um Sie bei all Ihren Aktivit\u00e4ten zu begleiten: Schwimmbad, Strand, Entspannung oder Wassersport.<\/p>\n<p>Seine <strong>integrierte Lycra-Verst\u00e4rkung<\/strong> bietet mehr Komfort und hilft, Ihre Scham zu bewahren, auch wenn Sie sich bewegen.<\/p>\n<p>Praktisch im Alltag ist er ausgestattet mit <strong>zwei tiefe Taschen mit Rei\u00dfverschluss<\/strong> um Ihre Essentials sicher aufzubewahren. Sound <strong>breiter Schritt<\/strong> bietet einen angenehm flie\u00dfenden Schnitt, der ideal ist, um bei jeder Bewegung bequem zu bleiben.<\/p>\n<p>Hergestellt in <strong>Mikrofaser<\/strong>, Diese Badeshorts kombinieren <strong>leicht, bequem und schnell trocknend.<\/strong><\/p>","protected":false},"featured_media":125,"template":"","meta":[],"product_brand":[],"product_cat":[18,27],"product_tag":[],"class_list":{"0":"post-131","1":"product","2":"type-product","3":"status-publish","4":"has-post-thumbnail","6":"product_cat-sarouel-de-bain-wassat","7":"product_cat-sarouel-de-bain-vert","9":"first","10":"instock","11":"shipping-taxable","12":"purchasable","13":"product-type-variable"},"_links":{"self":[{"href":"https:\/\/www.sarouel-de-bain.fr\/de\/wp-json\/wp\/v2\/product\/131","targetHints":{"allow":["GET"]}}],"collection":[{"href":"https:\/\/www.sarouel-de-bain.fr\/de\/wp-json\/wp\/v2\/product"}],"about":[{"href":"https:\/\/www.sarouel-de-bain.fr\/de\/wp-json\/wp\/v2\/types\/product"}],"wp:featuredmedia":[{"embeddable":true,"href":"https:\/\/www.sarouel-de-bain.fr\/de\/wp-json\/wp\/v2\/media\/125"}],"wp:attachment":[{"href":"https:\/\/www.sarouel-de-bain.fr\/de\/wp-json\/wp\/v2\/media?parent=131"}],"wp:term":[{"taxonomy":"product_brand","embeddable":true,"href":"https:\/\/www.sarouel-de-bain.fr\/de\/wp-json\/wp\/v2\/product_brand?post=131"},{"taxonomy":"product_cat","embeddable":true,"href":"https:\/\/www.sarouel-de-bain.fr\/de\/wp-json\/wp\/v2\/product_cat?post=131"},{"taxonomy":"product_tag","embeddable":true,"href":"https:\/\/www.sarouel-de-bain.fr\/de\/wp-json\/wp\/v2\/product_tag?post=131"}],"curies":[{"name":"wp","href":"https:\/\/api.w.org\/{rel}","templated":true}]}}