{"id":58,"date":"2026-03-29T15:48:08","date_gmt":"2026-03-29T15:48:08","guid":{"rendered":"https:\/\/www.sarouel-de-bain.fr\/?page_id=58"},"modified":"2026-03-29T15:48:08","modified_gmt":"2026-03-29T15:48:08","slug":"rechtliche-hinweise","status":"publish","type":"page","link":"https:\/\/www.sarouel-de-bain.fr\/de\/mentions-legales\/","title":{"rendered":"Rechtliche Hinweise"},"content":{"rendered":"<h1 class=\"wp-block-heading\">Rechtliche Hinweise<\/h1>\n\n\n\n<p>Gem\u00e4\u00df den Bestimmungen der Artikel 6-III und 19 des Gesetzes Nr. 2004-575 vom 21. Juni 2004 \u00fcber das Vertrauen in die digitale Wirtschaft, genannt L.C.E.N., bringen wir den Nutzern und Besuchern der Website: https:\/\/www.sarouel-de-bain.fr\/ die folgenden Informationen zur Kenntnis:<\/p>\n\n\n\n<p><strong>EDITOR<\/strong><\/p>\n\n\n\n<p>Die Website https:\/\/www.sarouel-de-bain.fr\/ ist das alleinige Eigentum von <strong>EURL&nbsp;<\/strong><strong>ALHOUDAH<\/strong>, der es herausgibt.<\/p>\n\n\n\n<p><strong>ALHOUDAH<\/strong><br><strong>EURL&nbsp;<\/strong>mit einem Kapital von <strong>1000&nbsp;<\/strong>\u20acTel:&nbsp;<strong>0984292053<\/strong><\/p>\n\n\n\n<p><strong>1-5 Av Paul Jetzt&nbsp;<\/strong><strong>91100 CORBEIL-ESSONNES<\/strong><\/p>\n\n\n\n<p>Eingetragen im Handels- und Gesellschaftsregister von&nbsp;<strong>Evry&nbsp;<\/strong>unter der Nummer <strong>80194806800029<\/strong><\/p>\n\n\n\n<p>Innergemeinschaftliche Mehrwertsteuernummer :&nbsp;<strong>DE67801948068<\/strong><br>E-Mail-Adresse :&nbsp;<strong>contact@sarouel-de-bain.fr<\/strong><br>&nbsp;<br>Kontaktieren Sie den Verantwortlichen f\u00fcr die Ver\u00f6ffentlichung :&nbsp;<strong>contact@sarouel-de-bain.fr<\/strong><\/p>","protected":false},"excerpt":{"rendered":"<p>Mentions l\u00e9gales Conform\u00e9ment aux dispositions des articles 6-III et 19 de la Loi n\u00b0 2004-575 du 21 juin 2004 pour la Confiance dans l&rsquo;\u00e9conomie num\u00e9rique, dite L.C.E.N., nous portons \u00e0 la connaissance des utilisateurs et visiteurs du site : https:\/\/www.sarouel-de-bain.fr\/ les informations suivantes : \u00c9DITEUR Le site https:\/\/www.sarouel-de-bain.fr\/ est la propri\u00e9t\u00e9 exclusive de EURL&nbsp;ALHOUDAH, qui [&#8230;]\n","protected":false},"author":1,"featured_media":0,"parent":0,"menu_order":0,"comment_status":"closed","ping_status":"closed","template":"","meta":{"footnotes":""},"class_list":["post-58","page","type-page","status-publish","hentry"],"_links":{"self":[{"href":"https:\/\/www.sarouel-de-bain.fr\/de\/wp-json\/wp\/v2\/pages\/58","targetHints":{"allow":["GET"]}}],"collection":[{"href":"https:\/\/www.sarouel-de-bain.fr\/de\/wp-json\/wp\/v2\/pages"}],"about":[{"href":"https:\/\/www.sarouel-de-bain.fr\/de\/wp-json\/wp\/v2\/types\/page"}],"author":[{"embeddable":true,"href":"https:\/\/www.sarouel-de-bain.fr\/de\/wp-json\/wp\/v2\/users\/1"}],"replies":[{"embeddable":true,"href":"https:\/\/www.sarouel-de-bain.fr\/de\/wp-json\/wp\/v2\/comments?post=58"}],"version-history":[{"count":1,"href":"https:\/\/www.sarouel-de-bain.fr\/de\/wp-json\/wp\/v2\/pages\/58\/revisions"}],"predecessor-version":[{"id":59,"href":"https:\/\/www.sarouel-de-bain.fr\/de\/wp-json\/wp\/v2\/pages\/58\/revisions\/59"}],"wp:attachment":[{"href":"https:\/\/www.sarouel-de-bain.fr\/de\/wp-json\/wp\/v2\/media?parent=58"}],"curies":[{"name":"wp","href":"https:\/\/api.w.org\/{rel}","templated":true}]}}